{"id":10,"date":"2024-05-10T18:16:40","date_gmt":"2024-05-10T16:16:40","guid":{"rendered":"https:\/\/4i.com.pl\/?page_id=10"},"modified":"2024-05-10T19:18:37","modified_gmt":"2024-05-10T17:18:37","slug":"home","status":"publish","type":"page","link":"https:\/\/4i.com.pl\/","title":{"rendered":"home"},"content":{"rendered":"<style>.kb-row-layout-id10_fb0048-40 > .kt-row-column-wrap{align-content:center;}:where(.kb-row-layout-id10_fb0048-40 > .kt-row-column-wrap) > .wp-block-kadence-column{justify-content:center;}.kb-row-layout-id10_fb0048-40 > .kt-row-column-wrap{column-gap:var(--global-kb-gap-md, 2rem);row-gap:var(--global-kb-gap-md, 2rem);max-width:var( --global-content-width, 1290px );padding-left:var(--global-content-edge-padding);padding-right:var(--global-content-edge-padding);padding-top:60px;padding-bottom:200px;min-height:100vh;grid-template-columns:minmax(0, 1fr);}.kb-row-layout-id10_fb0048-40{background-image:url('https:\/\/4i.com.pl\/wp-content\/uploads\/2024\/05\/AdobeStock_138749865-scaled.jpeg');background-size:cover;background-position:55.00000000000001% 78%;background-attachment:scroll;background-repeat:no-repeat;}.kb-row-layout-id10_fb0048-40 > .kt-row-layout-overlay{opacity:0.80;background:linear-gradient(14deg, var(--global-palette4) 20%, var(--global-palette4) 74%);mix-blend-mode:darken;}@media all and (max-width: 1024px){.kb-row-layout-id10_fb0048-40 > .kt-row-column-wrap{grid-template-columns:minmax(0, 1fr);}}@media all and (max-width: 767px){.kb-row-layout-id10_fb0048-40 > .kt-row-column-wrap{padding-top:20px;grid-template-columns:minmax(0, 1fr);}}<\/style><header class=\"kb-row-layout-wrap kb-row-layout-id10_fb0048-40 aligncenter kt-row-has-bg wp-block-kadence-rowlayout\"><div class=\"kt-row-layout-overlay kt-row-overlay-gradient\"><\/div><div class=\"kt-row-column-wrap kt-has-1-columns kt-row-layout-equal kt-tab-layout-inherit kt-mobile-layout-row kt-row-valign-middle kb-theme-content-width\">\n<style>.kadence-column10_af24e1-cc > .kt-inside-inner-col,.kadence-column10_af24e1-cc > .kt-inside-inner-col:before{border-top-left-radius:0px;border-top-right-radius:0px;border-bottom-right-radius:0px;border-bottom-left-radius:0px;}.kadence-column10_af24e1-cc > .kt-inside-inner-col{column-gap:var(--global-kb-gap-sm, 1rem);}.kadence-column10_af24e1-cc > .kt-inside-inner-col{flex-direction:column;}.kadence-column10_af24e1-cc > .kt-inside-inner-col > .aligncenter{width:100%;}.kadence-column10_af24e1-cc > .kt-inside-inner-col:before{opacity:0.3;}.kadence-column10_af24e1-cc{position:relative;}@media all and (max-width: 1024px){.kadence-column10_af24e1-cc > .kt-inside-inner-col{flex-direction:column;}}@media all and (max-width: 767px){.kadence-column10_af24e1-cc > .kt-inside-inner-col{flex-direction:column;}}<\/style>\n<div class=\"wp-block-kadence-column kadence-column10_af24e1-cc inner-column-1\"><div class=\"kt-inside-inner-col\"><style>.wp-block-kadence-image.kb-image10_e21b65-ab:not(.kb-specificity-added):not(.kb-extra-specificity-added){margin-bottom:0px;}.kb-image10_e21b65-ab.kb-image-is-ratio-size, .kb-image10_e21b65-ab .kb-image-is-ratio-size{max-width:149px;width:100%;}.wp-block-kadence-column > .kt-inside-inner-col > .kb-image10_e21b65-ab.kb-image-is-ratio-size, .wp-block-kadence-column > .kt-inside-inner-col > .kb-image10_e21b65-ab .kb-image-is-ratio-size{align-self:unset;}.kb-image10_e21b65-ab figure{max-width:149px;}.kb-image10_e21b65-ab .image-is-svg, .kb-image10_e21b65-ab .image-is-svg img{width:100%;}.kb-image10_e21b65-ab .kb-image-has-overlay:after{opacity:0.3;}<\/style>\n<div class=\"wp-block-kadence-image kb-image10_e21b65-ab\"><figure class=\"aligncenter size-full\"><img loading=\"lazy\" decoding=\"async\" width=\"512\" height=\"512\" src=\"https:\/\/4i.com.pl\/wp-content\/uploads\/2024\/05\/cropped-favicon-1-11.png\" alt=\"\" class=\"kb-img wp-image-7\" srcset=\"https:\/\/4i.com.pl\/wp-content\/uploads\/2024\/05\/cropped-favicon-1-11.png 512w, https:\/\/4i.com.pl\/wp-content\/uploads\/2024\/05\/cropped-favicon-1-11-300x300.png 300w, https:\/\/4i.com.pl\/wp-content\/uploads\/2024\/05\/cropped-favicon-1-11-150x150.png 150w\" sizes=\"auto, (max-width: 512px) 100vw, 512px\" \/><\/figure><\/div>\n\n\n<style>.wp-block-kadence-spacer.kt-block-spacer-10_c7556f-b8 .kt-block-spacer{height:60px;}.wp-block-kadence-spacer.kt-block-spacer-10_c7556f-b8 .kt-divider{border-top-width:1px;height:1px;border-top-color:#eee;width:50%;border-top-style:solid;}<\/style>\n<div class=\"wp-block-kadence-spacer aligncenter kt-block-spacer-10_c7556f-b8\"><div class=\"kt-block-spacer kt-block-spacer-halign-center\"><hr class=\"kt-divider\"\/><\/div><\/div>\n\n\n<style>.wp-block-kadence-advancedheading.kt-adv-heading10_079fce-89, .wp-block-kadence-advancedheading.kt-adv-heading10_079fce-89[data-kb-block=\"kb-adv-heading10_079fce-89\"]{margin-top:var(--global-kb-spacing-sm, 1.5rem);margin-bottom:var(--global-kb-spacing-sm, 1.5rem);text-align:center;font-size:3rem;font-style:normal;color:#fff;}.wp-block-kadence-advancedheading.kt-adv-heading10_079fce-89 mark.kt-highlight, .wp-block-kadence-advancedheading.kt-adv-heading10_079fce-89[data-kb-block=\"kb-adv-heading10_079fce-89\"] mark.kt-highlight{font-style:normal;color:#f76a0c;-webkit-box-decoration-break:clone;box-decoration-break:clone;padding-top:0px;padding-right:0px;padding-bottom:0px;padding-left:0px;}@media all and (max-width: 1024px){.wp-block-kadence-advancedheading.kt-adv-heading10_079fce-89, .wp-block-kadence-advancedheading.kt-adv-heading10_079fce-89[data-kb-block=\"kb-adv-heading10_079fce-89\"]{font-size:3rem;}}@media all and (max-width: 767px){.wp-block-kadence-advancedheading.kt-adv-heading10_079fce-89, .wp-block-kadence-advancedheading.kt-adv-heading10_079fce-89[data-kb-block=\"kb-adv-heading10_079fce-89\"]{margin-bottom:var(--global-kb-spacing-lg, 3rem);font-size:2rem;}}<\/style>\n<h1 class=\"kt-adv-heading10_079fce-89 wp-block-kadence-advancedheading\" data-kb-block=\"kb-adv-heading10_079fce-89\">Strona w trakcie przebudowy <\/h1>\n\n\n<style>.wp-block-kadence-advancedheading.kt-adv-heading10_59d85b-9f, .wp-block-kadence-advancedheading.kt-adv-heading10_59d85b-9f[data-kb-block=\"kb-adv-heading10_59d85b-9f\"]{margin-bottom:var(--global-kb-spacing-xxs, 0.5rem);text-align:center;font-size:2.5rem;font-style:normal;}.wp-block-kadence-advancedheading.kt-adv-heading10_59d85b-9f mark.kt-highlight, .wp-block-kadence-advancedheading.kt-adv-heading10_59d85b-9f[data-kb-block=\"kb-adv-heading10_59d85b-9f\"] mark.kt-highlight{font-style:normal;color:#f76a0c;-webkit-box-decoration-break:clone;box-decoration-break:clone;padding-top:0px;padding-right:0px;padding-bottom:0px;padding-left:0px;}.wp-block-kadence-advancedheading.kt-adv-heading10_59d85b-9f[data-kb-block=\"kb-adv-heading10_59d85b-9f\"] a:hover, .kt-adv-heading-link10_59d85b-9f:hover, .kt-adv-heading-link10_59d85b-9f:hover .kt-adv-heading10_59d85b-9f[data-kb-block=\"kb-adv-heading10_59d85b-9f\"]{color:var(--global-palette8, #F7FAFC);}@media all and (max-width: 1024px){.wp-block-kadence-advancedheading.kt-adv-heading10_59d85b-9f, .wp-block-kadence-advancedheading.kt-adv-heading10_59d85b-9f[data-kb-block=\"kb-adv-heading10_59d85b-9f\"]{font-size:2rem;}}@media all and (max-width: 767px){.wp-block-kadence-advancedheading.kt-adv-heading10_59d85b-9f, .wp-block-kadence-advancedheading.kt-adv-heading10_59d85b-9f[data-kb-block=\"kb-adv-heading10_59d85b-9f\"]{margin-bottom:20px;font-size:1.5rem;line-height:29px;}}<\/style>\n<h2 class=\"kt-adv-heading10_59d85b-9f wp-block-kadence-advancedheading has-theme-palette-9-color has-text-color\" data-kb-block=\"kb-adv-heading10_59d85b-9f\"><strong><a href=\"tel:+48609728631\">+48 609 728 631<\/a><\/strong><\/h2>\n\n\n<style>.wp-block-kadence-advancedheading.kt-adv-heading10_ce4437-93, .wp-block-kadence-advancedheading.kt-adv-heading10_ce4437-93[data-kb-block=\"kb-adv-heading10_ce4437-93\"]{margin-bottom:var(--global-kb-spacing-md, 2rem);text-align:center;font-size:2rem;font-style:normal;}.wp-block-kadence-advancedheading.kt-adv-heading10_ce4437-93 mark.kt-highlight, .wp-block-kadence-advancedheading.kt-adv-heading10_ce4437-93[data-kb-block=\"kb-adv-heading10_ce4437-93\"] mark.kt-highlight{font-style:normal;color:#f76a0c;-webkit-box-decoration-break:clone;box-decoration-break:clone;padding-top:0px;padding-right:0px;padding-bottom:0px;padding-left:0px;}.wp-block-kadence-advancedheading.kt-adv-heading10_ce4437-93[data-kb-block=\"kb-adv-heading10_ce4437-93\"] a:hover, .kt-adv-heading-link10_ce4437-93:hover, .kt-adv-heading-link10_ce4437-93:hover .kt-adv-heading10_ce4437-93[data-kb-block=\"kb-adv-heading10_ce4437-93\"]{color:var(--global-palette8, #F7FAFC);}@media all and (max-width: 1024px){.wp-block-kadence-advancedheading.kt-adv-heading10_ce4437-93, .wp-block-kadence-advancedheading.kt-adv-heading10_ce4437-93[data-kb-block=\"kb-adv-heading10_ce4437-93\"]{font-size:2rem;}}@media all and (max-width: 767px){.wp-block-kadence-advancedheading.kt-adv-heading10_ce4437-93, .wp-block-kadence-advancedheading.kt-adv-heading10_ce4437-93[data-kb-block=\"kb-adv-heading10_ce4437-93\"]{margin-bottom:20px;font-size:1.5rem;line-height:29px;}}<\/style>\n<h2 class=\"kt-adv-heading10_ce4437-93 wp-block-kadence-advancedheading has-theme-palette-9-color has-text-color\" data-kb-block=\"kb-adv-heading10_ce4437-93\"><a href=\"mailto:biuro@4i.com.pl\">biuro@4i.com.pl<\/a><\/h2>\n\n\n<style>.kb-row-layout-id10_21f840-5c > .kt-row-column-wrap{align-content:start;}:where(.kb-row-layout-id10_21f840-5c > .kt-row-column-wrap) > .wp-block-kadence-column{justify-content:start;}.kb-row-layout-id10_21f840-5c > .kt-row-column-wrap{column-gap:var(--global-kb-gap-lg, 4rem);row-gap:var(--global-kb-gap-md, 2rem);max-width:var( --global-content-width, 1290px );padding-left:var(--global-content-edge-padding);padding-right:var(--global-content-edge-padding);padding-top:var(--global-kb-spacing-sm, 1.5rem);padding-right:var(--global-kb-spacing-lg, 3rem);padding-bottom:var(--global-kb-spacing-sm, 1.5rem);padding-left:var(--global-kb-spacing-lg, 3rem);grid-template-columns:minmax(0, 2fr) minmax(0, 1fr);}.kb-row-layout-id10_21f840-5c > .kt-row-layout-overlay{opacity:0.30;}@media all and (max-width: 1024px){.kb-row-layout-id10_21f840-5c > .kt-row-column-wrap{grid-template-columns:minmax(0, 1fr);}}@media all and (max-width: 767px){.kb-row-layout-wrap.wp-block-kadence-rowlayout.kb-row-layout-id10_21f840-5c{margin-top:var(--global-kb-spacing-lg, 3rem);}.kb-row-layout-id10_21f840-5c > .kt-row-column-wrap{padding-top:0px;padding-right:0px;padding-bottom:0px;padding-left:0px;grid-template-columns:minmax(0, 1fr);}}<\/style><div class=\"kb-row-layout-wrap kb-row-layout-id10_21f840-5c alignnone wp-block-kadence-rowlayout\"><div class=\"kt-row-column-wrap kt-has-2-columns kt-row-layout-left-golden kt-tab-layout-row kt-mobile-layout-row kt-row-valign-top kb-theme-content-width\">\n<style>.kadence-column10_6622d2-05 > .kt-inside-inner-col,.kadence-column10_6622d2-05 > .kt-inside-inner-col:before{border-top-left-radius:0px;border-top-right-radius:0px;border-bottom-right-radius:0px;border-bottom-left-radius:0px;}.kadence-column10_6622d2-05 > .kt-inside-inner-col{column-gap:var(--global-kb-gap-sm, 1rem);}.kadence-column10_6622d2-05 > .kt-inside-inner-col{flex-direction:column;}.kadence-column10_6622d2-05 > .kt-inside-inner-col > .aligncenter{width:100%;}.kadence-column10_6622d2-05 > .kt-inside-inner-col:before{opacity:0.3;}.kadence-column10_6622d2-05{position:relative;}.kadence-column10_6622d2-05, .kt-inside-inner-col > .kadence-column10_6622d2-05:not(.specificity){margin-left:var(--global-kb-spacing-xl, 4rem);}@media all and (max-width: 1024px){.kadence-column10_6622d2-05 > .kt-inside-inner-col{flex-direction:column;}}@media all and (max-width: 1024px){.kadence-column10_6622d2-05, .kt-inside-inner-col > .kadence-column10_6622d2-05:not(.specificity){margin-left:0px;}}@media all and (max-width: 767px){.kadence-column10_6622d2-05 > .kt-inside-inner-col{flex-direction:column;}}<\/style>\n<div class=\"wp-block-kadence-column kadence-column10_6622d2-05\"><div class=\"kt-inside-inner-col\"><style>.wp-block-kadence-advancedheading.kt-adv-heading10_243003-9e, .wp-block-kadence-advancedheading.kt-adv-heading10_243003-9e[data-kb-block=\"kb-adv-heading10_243003-9e\"]{text-align:left;font-size:1.5rem;font-style:normal;color:#c8b061;}.wp-block-kadence-advancedheading.kt-adv-heading10_243003-9e mark.kt-highlight, .wp-block-kadence-advancedheading.kt-adv-heading10_243003-9e[data-kb-block=\"kb-adv-heading10_243003-9e\"] mark.kt-highlight{font-style:normal;color:#f76a0c;-webkit-box-decoration-break:clone;box-decoration-break:clone;padding-top:0px;padding-right:0px;padding-bottom:0px;padding-left:0px;}@media all and (max-width: 1024px){.wp-block-kadence-advancedheading.kt-adv-heading10_243003-9e, .wp-block-kadence-advancedheading.kt-adv-heading10_243003-9e[data-kb-block=\"kb-adv-heading10_243003-9e\"]{font-size:2rem;}}@media all and (max-width: 767px){.wp-block-kadence-advancedheading.kt-adv-heading10_243003-9e, .wp-block-kadence-advancedheading.kt-adv-heading10_243003-9e[data-kb-block=\"kb-adv-heading10_243003-9e\"]{margin-bottom:25px;font-size:1.5rem;line-height:29px;}}<\/style>\n<h2 class=\"kt-adv-heading10_243003-9e wp-block-kadence-advancedheading\" data-kb-block=\"kb-adv-heading10_243003-9e\">Kompleksowe wykonanie nietypowych projekt\u00f3w budowlanych<\/h2>\n\n\n<style>.wp-block-kadence-iconlist.kt-svg-icon-list-items10_ef318e-f3:not(.this-stops-third-party-issues){margin-top:0px;margin-bottom:0px;}.wp-block-kadence-iconlist.kt-svg-icon-list-items10_ef318e-f3 ul.kt-svg-icon-list:not(.this-prevents-issues):not(.this-stops-third-party-issues):not(.tijsloc){margin-top:0px;margin-right:0px;margin-bottom:var(--global-kb-spacing-sm, 1.5rem);margin-left:0px;}.wp-block-kadence-iconlist.kt-svg-icon-list-items10_ef318e-f3 ul.kt-svg-icon-list{grid-row-gap:5px;}.wp-block-kadence-iconlist.kt-svg-icon-list-items10_ef318e-f3 .kb-svg-icon-wrap{color:#c8b061;}.wp-block-kadence-iconlist.kt-svg-icon-list-items10_ef318e-f3 ul.kt-svg-icon-list .kt-svg-icon-list-item-wrap .kt-svg-icon-list-single{margin-right:10px;}.kt-svg-icon-list-items10_ef318e-f3 ul.kt-svg-icon-list .kt-svg-icon-list-item-wrap, .kt-svg-icon-list-items10_ef318e-f3 ul.kt-svg-icon-list .kt-svg-icon-list-item-wrap a{color:var(--global-palette9, #ffffff);color:var(--global-palette9, #ffffff);}.kt-svg-icon-list-items10_ef318e-f3 ul.kt-svg-icon-list .kt-svg-icon-list-level-0 .kt-svg-icon-list-single svg{font-size:20px;}<\/style>\n<div class=\"wp-block-kadence-iconlist kt-svg-icon-list-items kt-svg-icon-list-items10_ef318e-f3 kt-svg-icon-list-columns-1 alignnone\"><ul class=\"kt-svg-icon-list\">\n<li class=\"wp-block-kadence-listitem kt-svg-icon-list-item-wrap kt-svg-icon-list-item-10_29733b-61\"><span class=\"kb-svg-icon-wrap kb-svg-icon-fe_checkCircle kt-svg-icon-list-single\"><svg viewBox=\"0 0 24 24\"  fill=\"none\" stroke=\"currentColor\" stroke-width=\"2\" stroke-linecap=\"round\" stroke-linejoin=\"round\" xmlns=\"http:\/\/www.w3.org\/2000\/svg\"  aria-hidden=\"true\"><path d=\"M22 11.08V12a10 10 0 1 1-5.93-9.14\"\/><polyline points=\"22 4 12 14.01 9 11.01\"\/><\/svg><\/span><span class=\"kt-svg-icon-list-text\">Renowacja zabytk\u00f3w (tynki WTA, izolacje)<\/span><\/li>\n\n\n\n<li class=\"wp-block-kadence-listitem kt-svg-icon-list-item-wrap kt-svg-icon-list-item-10_e8b31f-a3\"><span class=\"kb-svg-icon-wrap kb-svg-icon-fe_checkCircle kt-svg-icon-list-single\"><svg viewBox=\"0 0 24 24\"  fill=\"none\" stroke=\"currentColor\" stroke-width=\"2\" stroke-linecap=\"round\" stroke-linejoin=\"round\" xmlns=\"http:\/\/www.w3.org\/2000\/svg\"  aria-hidden=\"true\"><path d=\"M22 11.08V12a10 10 0 1 1-5.93-9.14\"\/><polyline points=\"22 4 12 14.01 9 11.01\"\/><\/svg><\/span><span class=\"kt-svg-icon-list-text\">Nadbudowy, adaptacje, modernizacje budynk\u00f3w zamieszka\u0142ych<\/span><\/li>\n\n\n\n<li class=\"wp-block-kadence-listitem kt-svg-icon-list-item-wrap kt-svg-icon-list-item-10_6d4134-a8\"><span class=\"kb-svg-icon-wrap kb-svg-icon-fe_checkCircle kt-svg-icon-list-single\"><svg viewBox=\"0 0 24 24\"  fill=\"none\" stroke=\"currentColor\" stroke-width=\"2\" stroke-linecap=\"round\" stroke-linejoin=\"round\" xmlns=\"http:\/\/www.w3.org\/2000\/svg\"  aria-hidden=\"true\"><path d=\"M22 11.08V12a10 10 0 1 1-5.93-9.14\"\/><polyline points=\"22 4 12 14.01 9 11.01\"\/><\/svg><\/span><span class=\"kt-svg-icon-list-text\">Remonty elewacji, dach\u00f3w, gara\u017cy, piwnic<\/span><\/li>\n\n\n\n<li class=\"wp-block-kadence-listitem kt-svg-icon-list-item-wrap kt-svg-icon-list-item-10_55492e-a2\"><span class=\"kb-svg-icon-wrap kb-svg-icon-fe_checkCircle kt-svg-icon-list-single\"><svg viewBox=\"0 0 24 24\"  fill=\"none\" stroke=\"currentColor\" stroke-width=\"2\" stroke-linecap=\"round\" stroke-linejoin=\"round\" xmlns=\"http:\/\/www.w3.org\/2000\/svg\"  aria-hidden=\"true\"><path d=\"M22 11.08V12a10 10 0 1 1-5.93-9.14\"\/><polyline points=\"22 4 12 14.01 9 11.01\"\/><\/svg><\/span><span class=\"kt-svg-icon-list-text\">Konstrukcje stalowe, monta\u017c wind zewn\u0119trznych<\/span><\/li>\n\n\n\n<li class=\"wp-block-kadence-listitem kt-svg-icon-list-item-wrap kt-svg-icon-list-item-10_d1f298-31\"><span class=\"kb-svg-icon-wrap kb-svg-icon-fe_checkCircle kt-svg-icon-list-single\"><svg viewBox=\"0 0 24 24\"  fill=\"none\" stroke=\"currentColor\" stroke-width=\"2\" stroke-linecap=\"round\" stroke-linejoin=\"round\" xmlns=\"http:\/\/www.w3.org\/2000\/svg\"  aria-hidden=\"true\"><path d=\"M22 11.08V12a10 10 0 1 1-5.93-9.14\"\/><polyline points=\"22 4 12 14.01 9 11.01\"\/><\/svg><\/span><span class=\"kt-svg-icon-list-text\">Konstrukcje \u017celbetowe<\/span><\/li>\n\n\n\n<li class=\"wp-block-kadence-listitem kt-svg-icon-list-item-wrap kt-svg-icon-list-item-10_1bbc32-6b\"><span class=\"kb-svg-icon-wrap kb-svg-icon-fe_checkCircle kt-svg-icon-list-single\"><svg viewBox=\"0 0 24 24\"  fill=\"none\" stroke=\"currentColor\" stroke-width=\"2\" stroke-linecap=\"round\" stroke-linejoin=\"round\" xmlns=\"http:\/\/www.w3.org\/2000\/svg\"  aria-hidden=\"true\"><path d=\"M22 11.08V12a10 10 0 1 1-5.93-9.14\"\/><polyline points=\"22 4 12 14.01 9 11.01\"\/><\/svg><\/span><span class=\"kt-svg-icon-list-text\">Hale magazynowe i produkcyjne<\/span><\/li>\n\n\n\n<li class=\"wp-block-kadence-listitem kt-svg-icon-list-item-wrap kt-svg-icon-list-item-10_fc1f3c-17\"><span class=\"kb-svg-icon-wrap kb-svg-icon-fe_checkCircle kt-svg-icon-list-single\"><svg viewBox=\"0 0 24 24\"  fill=\"none\" stroke=\"currentColor\" stroke-width=\"2\" stroke-linecap=\"round\" stroke-linejoin=\"round\" xmlns=\"http:\/\/www.w3.org\/2000\/svg\"  aria-hidden=\"true\"><path d=\"M22 11.08V12a10 10 0 1 1-5.93-9.14\"\/><polyline points=\"22 4 12 14.01 9 11.01\"\/><\/svg><\/span><span class=\"kt-svg-icon-list-text\">Budownictwo specjalistyczne<\/span><\/li>\n<\/ul><\/div>\n<\/div><\/div>\n\n\n<style>.kadence-column10_62248b-b0 > .kt-inside-inner-col,.kadence-column10_62248b-b0 > .kt-inside-inner-col:before{border-top-left-radius:0px;border-top-right-radius:0px;border-bottom-right-radius:0px;border-bottom-left-radius:0px;}.kadence-column10_62248b-b0 > .kt-inside-inner-col{column-gap:var(--global-kb-gap-sm, 1rem);}.kadence-column10_62248b-b0 > .kt-inside-inner-col{flex-direction:column;}.kadence-column10_62248b-b0 > .kt-inside-inner-col > .aligncenter{width:100%;}.kadence-column10_62248b-b0 > .kt-inside-inner-col:before{opacity:0.3;}.kadence-column10_62248b-b0{position:relative;}@media all and (max-width: 1024px){.kadence-column10_62248b-b0 > .kt-inside-inner-col{flex-direction:column;}}@media all and (max-width: 767px){.kadence-column10_62248b-b0 > .kt-inside-inner-col{flex-direction:column;}}<\/style>\n<div class=\"wp-block-kadence-column kadence-column10_62248b-b0\"><div class=\"kt-inside-inner-col\"><style>.wp-block-kadence-advancedheading.kt-adv-heading10_b9953f-71, .wp-block-kadence-advancedheading.kt-adv-heading10_b9953f-71[data-kb-block=\"kb-adv-heading10_b9953f-71\"]{text-align:left;font-size:1.5rem;font-style:normal;color:#c8b061;}.wp-block-kadence-advancedheading.kt-adv-heading10_b9953f-71 mark.kt-highlight, .wp-block-kadence-advancedheading.kt-adv-heading10_b9953f-71[data-kb-block=\"kb-adv-heading10_b9953f-71\"] mark.kt-highlight{font-style:normal;color:#f76a0c;-webkit-box-decoration-break:clone;box-decoration-break:clone;padding-top:0px;padding-right:0px;padding-bottom:0px;padding-left:0px;}@media all and (max-width: 1024px){.wp-block-kadence-advancedheading.kt-adv-heading10_b9953f-71, .wp-block-kadence-advancedheading.kt-adv-heading10_b9953f-71[data-kb-block=\"kb-adv-heading10_b9953f-71\"]{font-size:2rem;}}@media all and (max-width: 767px){.wp-block-kadence-advancedheading.kt-adv-heading10_b9953f-71, .wp-block-kadence-advancedheading.kt-adv-heading10_b9953f-71[data-kb-block=\"kb-adv-heading10_b9953f-71\"]{margin-bottom:25px;font-size:1.5rem;line-height:29px;}}<\/style>\n<h2 class=\"kt-adv-heading10_b9953f-71 wp-block-kadence-advancedheading\" data-kb-block=\"kb-adv-heading10_b9953f-71\">Kompleksowe wyko\u0144czenie wn\u0119trz<\/h2>\n\n\n<style>.wp-block-kadence-iconlist.kt-svg-icon-list-items10_1ab977-c6:not(.this-stops-third-party-issues){margin-top:0px;margin-bottom:0px;}.wp-block-kadence-iconlist.kt-svg-icon-list-items10_1ab977-c6 ul.kt-svg-icon-list:not(.this-prevents-issues):not(.this-stops-third-party-issues):not(.tijsloc){margin-top:0px;margin-right:0px;margin-bottom:var(--global-kb-spacing-sm, 1.5rem);margin-left:0px;}.wp-block-kadence-iconlist.kt-svg-icon-list-items10_1ab977-c6 ul.kt-svg-icon-list{grid-row-gap:5px;}.wp-block-kadence-iconlist.kt-svg-icon-list-items10_1ab977-c6 .kb-svg-icon-wrap{color:#c8b061;}.wp-block-kadence-iconlist.kt-svg-icon-list-items10_1ab977-c6 ul.kt-svg-icon-list .kt-svg-icon-list-item-wrap .kt-svg-icon-list-single{margin-right:10px;}.kt-svg-icon-list-items10_1ab977-c6 ul.kt-svg-icon-list .kt-svg-icon-list-item-wrap, .kt-svg-icon-list-items10_1ab977-c6 ul.kt-svg-icon-list .kt-svg-icon-list-item-wrap a{color:var(--global-palette9, #ffffff);color:var(--global-palette9, #ffffff);}.kt-svg-icon-list-items10_1ab977-c6 ul.kt-svg-icon-list .kt-svg-icon-list-level-0 .kt-svg-icon-list-single svg{font-size:20px;}<\/style>\n<div class=\"wp-block-kadence-iconlist kt-svg-icon-list-items kt-svg-icon-list-items10_1ab977-c6 kt-svg-icon-list-columns-1 alignnone\"><ul class=\"kt-svg-icon-list\">\n<li class=\"wp-block-kadence-listitem kt-svg-icon-list-item-wrap kt-svg-icon-list-item-10_37572b-15\"><span class=\"kb-svg-icon-wrap kb-svg-icon-fe_checkCircle kt-svg-icon-list-single\"><svg viewBox=\"0 0 24 24\"  fill=\"none\" stroke=\"currentColor\" stroke-width=\"2\" stroke-linecap=\"round\" stroke-linejoin=\"round\" xmlns=\"http:\/\/www.w3.org\/2000\/svg\"  aria-hidden=\"true\"><path d=\"M22 11.08V12a10 10 0 1 1-5.93-9.14\"\/><polyline points=\"22 4 12 14.01 9 11.01\"\/><\/svg><\/span><span class=\"kt-svg-icon-list-text\">Fit-out biur, mieszka\u0144, lokali gastronomii<\/span><\/li>\n\n\n\n<li class=\"wp-block-kadence-listitem kt-svg-icon-list-item-wrap kt-svg-icon-list-item-10_d5506a-20\"><span class=\"kb-svg-icon-wrap kb-svg-icon-fe_checkCircle kt-svg-icon-list-single\"><svg viewBox=\"0 0 24 24\"  fill=\"none\" stroke=\"currentColor\" stroke-width=\"2\" stroke-linecap=\"round\" stroke-linejoin=\"round\" xmlns=\"http:\/\/www.w3.org\/2000\/svg\"  aria-hidden=\"true\"><path d=\"M22 11.08V12a10 10 0 1 1-5.93-9.14\"\/><polyline points=\"22 4 12 14.01 9 11.01\"\/><\/svg><\/span><span class=\"kt-svg-icon-list-text\">Zabudowy meblowe<\/span><\/li>\n\n\n\n<li class=\"wp-block-kadence-listitem kt-svg-icon-list-item-wrap kt-svg-icon-list-item-10_2c6b9f-3b\"><span class=\"kb-svg-icon-wrap kb-svg-icon-fe_checkCircle kt-svg-icon-list-single\"><svg viewBox=\"0 0 24 24\"  fill=\"none\" stroke=\"currentColor\" stroke-width=\"2\" stroke-linecap=\"round\" stroke-linejoin=\"round\" xmlns=\"http:\/\/www.w3.org\/2000\/svg\"  aria-hidden=\"true\"><path d=\"M22 11.08V12a10 10 0 1 1-5.93-9.14\"\/><polyline points=\"22 4 12 14.01 9 11.01\"\/><\/svg><\/span><span class=\"kt-svg-icon-list-text\">Meble ruchome<\/span><\/li>\n\n\n\n<li class=\"wp-block-kadence-listitem kt-svg-icon-list-item-wrap kt-svg-icon-list-item-10_383b0a-9d\"><span class=\"kb-svg-icon-wrap kb-svg-icon-fe_checkCircle kt-svg-icon-list-single\"><svg viewBox=\"0 0 24 24\"  fill=\"none\" stroke=\"currentColor\" stroke-width=\"2\" stroke-linecap=\"round\" stroke-linejoin=\"round\" xmlns=\"http:\/\/www.w3.org\/2000\/svg\"  aria-hidden=\"true\"><path d=\"M22 11.08V12a10 10 0 1 1-5.93-9.14\"\/><polyline points=\"22 4 12 14.01 9 11.01\"\/><\/svg><\/span><span class=\"kt-svg-icon-list-text\">Wyposa\u017cenie wn\u0119trz<\/span><\/li>\n\n\n\n<li class=\"wp-block-kadence-listitem kt-svg-icon-list-item-wrap kt-svg-icon-list-item-10_6081f3-74\"><span class=\"kb-svg-icon-wrap kb-svg-icon-fe_checkCircle kt-svg-icon-list-single\"><svg viewBox=\"0 0 24 24\"  fill=\"none\" stroke=\"currentColor\" stroke-width=\"2\" stroke-linecap=\"round\" stroke-linejoin=\"round\" xmlns=\"http:\/\/www.w3.org\/2000\/svg\"  aria-hidden=\"true\"><path d=\"M22 11.08V12a10 10 0 1 1-5.93-9.14\"\/><polyline points=\"22 4 12 14.01 9 11.01\"\/><\/svg><\/span><span class=\"kt-svg-icon-list-text\">Remonty<\/span><\/li>\n<\/ul><\/div>\n<\/div><\/div>\n\n<\/div><\/div><\/div><\/div>\n\n<\/div><\/header>","protected":false},"excerpt":{"rendered":"<p>Strona w trakcie przebudowy +48 609 728 631 biuro@4i.com.pl Kompleksowe wykonanie nietypowych projekt\u00f3w budowlanych Kompleksowe wyko\u0144czenie wn\u0119trz<\/p>\n","protected":false},"author":1,"featured_media":0,"parent":0,"menu_order":0,"comment_status":"closed","ping_status":"closed","template":"","meta":{"_kad_post_transparent":"","_kad_post_title":"hide","_kad_post_layout":"fullwidth","_kad_post_sidebar_id":"","_kad_post_content_style":"unboxed","_kad_post_vertical_padding":"","_kad_post_feature":"","_kad_post_feature_position":"","_kad_post_header":true,"_kad_post_footer":true,"footnotes":""},"class_list":["post-10","page","type-page","status-publish","hentry"],"_links":{"self":[{"href":"https:\/\/4i.com.pl\/index.php?rest_route=\/wp\/v2\/pages\/10","targetHints":{"allow":["GET"]}}],"collection":[{"href":"https:\/\/4i.com.pl\/index.php?rest_route=\/wp\/v2\/pages"}],"about":[{"href":"https:\/\/4i.com.pl\/index.php?rest_route=\/wp\/v2\/types\/page"}],"author":[{"embeddable":true,"href":"https:\/\/4i.com.pl\/index.php?rest_route=\/wp\/v2\/users\/1"}],"replies":[{"embeddable":true,"href":"https:\/\/4i.com.pl\/index.php?rest_route=%2Fwp%2Fv2%2Fcomments&post=10"}],"version-history":[{"count":41,"href":"https:\/\/4i.com.pl\/index.php?rest_route=\/wp\/v2\/pages\/10\/revisions"}],"predecessor-version":[{"id":57,"href":"https:\/\/4i.com.pl\/index.php?rest_route=\/wp\/v2\/pages\/10\/revisions\/57"}],"wp:attachment":[{"href":"https:\/\/4i.com.pl\/index.php?rest_route=%2Fwp%2Fv2%2Fmedia&parent=10"}],"curies":[{"name":"wp","href":"https:\/\/api.w.org\/{rel}","templated":true}]}}